{"id":35,"date":"2015-03-08T14:59:54","date_gmt":"2015-03-08T13:59:54","guid":{"rendered":"http:\/\/neu.tonis-schafhof.de\/?page_id=35"},"modified":"2026-03-12T16:21:41","modified_gmt":"2026-03-12T15:21:41","slug":"aktuelles","status":"publish","type":"page","link":"https:\/\/neu.tonis-schafhof.de\/","title":{"rendered":"Aktuelle Meldung"},"content":{"rendered":"\n<p><\/p>\n\n\n\n<p class=\"has-text-align-left has-medium-font-size\"><strong>Der Hofladen ist wieder ge\u00f6ffnet!<\/strong><\/p>\n\n\n\n<p>\u00d6ffnungszeiten:<\/p>\n\n\n\n<p>Mittwoch   8 Uhr &#8211; 12 Uhr<\/p>\n\n\n\n<p>Freitag      14 Uhr &#8211; 17 Uhr<\/p>\n\n\n\n<p><\/p>\n\n\n\n<p><strong>Wochenmarkt Bad W\u00f6rishofen      Freitag   8 Uhr &#8211; 12 Uhr<\/strong><\/p>\n\n\n\n<p><strong>Buchloe Verkauf am Rathausplatz 12    Samstag   8 Uhr &#8211; 12 Uhr<\/strong><\/p>\n\n\n\n<p class=\"has-text-align-center\" style=\"font-size:20px\"><\/p>\n\n\n\n<p class=\"has-green-color has-text-color has-link-color has-medium-font-size wp-elements-5b98eaea01a5db97ad8f53e6216a3fc2\"><strong>tonis-schafhof@t-online.de<\/strong><\/p>\n\n\n\n<p class=\"has-text-align-center has-medium-font-size\"><\/p>\n","protected":false},"excerpt":{"rendered":"<p>Der Hofladen ist wieder ge\u00f6ffnet! \u00d6ffnungszeiten: Mittwoch 8 Uhr &#8211; 12 Uhr Freitag 14 Uhr &#8211; 17 Uhr Wochenmarkt Bad W\u00f6rishofen Freitag 8 Uhr &#8211; 12 Uhr Buchloe Verkauf am Rathausplatz 12 Samstag 8 Uhr &#8211; 12 Uhr tonis-schafhof@t-online.de<\/p>\n","protected":false},"author":2,"featured_media":0,"parent":0,"menu_order":0,"comment_status":"closed","ping_status":"closed","template":"","meta":{"footnotes":""},"_links":{"self":[{"href":"https:\/\/neu.tonis-schafhof.de\/index.php?rest_route=\/wp\/v2\/pages\/35"}],"collection":[{"href":"https:\/\/neu.tonis-schafhof.de\/index.php?rest_route=\/wp\/v2\/pages"}],"about":[{"href":"https:\/\/neu.tonis-schafhof.de\/index.php?rest_route=\/wp\/v2\/types\/page"}],"author":[{"embeddable":true,"href":"https:\/\/neu.tonis-schafhof.de\/index.php?rest_route=\/wp\/v2\/users\/2"}],"replies":[{"embeddable":true,"href":"https:\/\/neu.tonis-schafhof.de\/index.php?rest_route=%2Fwp%2Fv2%2Fcomments&post=35"}],"version-history":[{"count":97,"href":"https:\/\/neu.tonis-schafhof.de\/index.php?rest_route=\/wp\/v2\/pages\/35\/revisions"}],"predecessor-version":[{"id":544,"href":"https:\/\/neu.tonis-schafhof.de\/index.php?rest_route=\/wp\/v2\/pages\/35\/revisions\/544"}],"wp:attachment":[{"href":"https:\/\/neu.tonis-schafhof.de\/index.php?rest_route=%2Fwp%2Fv2%2Fmedia&parent=35"}],"curies":[{"name":"wp","href":"https:\/\/api.w.org\/{rel}","templated":true}]}}